{"id":2,"date":"2025-08-06T11:06:29","date_gmt":"2025-08-06T09:06:29","guid":{"rendered":"http:\/\/centrumuslugbiurowych.pl\/?page_id=2"},"modified":"2025-08-11T21:12:52","modified_gmt":"2025-08-11T19:12:52","slug":"przykladowa-strona","status":"publish","type":"page","link":"https:\/\/centrumuslugbiurowych.pl\/?page_id=2","title":{"rendered":"Nasza Oferta"},"content":{"rendered":"\n<p>1.Pe\u0142na obs\u0142uga prawna os\u00f3b fizycznych.<br>2.Pe\u0142na obs\u0142uga prawna firm.<br>3.Pe\u0142na obs\u0142uga w zakresie pozyskiwania energii, gazu i ciep\u0142a ze \u017ar\u00f3de\u0142 odnawialnych<br>4.Pe\u0142na obs\u0142uga promocyjna, marketingowa i akwizycyjna w tym r\u00f3wnie\u017c Call Center<br>5.Wypo\u017cyczalnia samochod\u00f3w.<br>6.inne us\u0142ugi biurowe.<\/p>\n\n\n\n<blockquote class=\"wp-block-quote is-layout-flow wp-block-quote-is-layout-flow\">\n<p>Centrum Us\u0142ug Biurowych dzia\u0142a od 12 lat. Kancelaria dzia\u0142a na zasadzie agencji prawniczej. Mamy podpisane umowy wsp\u00f3\u0142pracy z kilkoma wiod\u0105cym na terenie ca\u0142ej Polski kancelariami prawniczymi, dzi\u0119ki czemu mo\u017cemy zaoferowa\u0107 najwy\u017cszej jako\u015bci us\u0142ugi po najni\u017cszych w danej dziedzinie cenach. Ofert\u0119 kierujemy do firm jak i os\u00f3b fizycznych. Pr\u00f3cz bran\u017cy prawniczej, zabezpieczamy Naszych klient\u00f3w w us\u0142ugi innowacyjne, takie jak Call Center, wypo\u017cyczalnie samochod\u00f3w, projekty, monta\u017c i obs\u0142ug\u0119 fotowoltaiki. Prowadzimy r\u00f3wnie\u017c us\u0142ugi windykacyjne. Tym samym jeste\u015bmy jedynym i najta\u0144szym us\u0142ugodawc\u0105 w Polsce o tak szerokim spektrum dzia\u0142a\u0144. Naszym celem jest przede wszystkim dzia\u0142anie dla dobra Naszych klient\u00f3w a nie dla najwi\u0119kszych przychod\u00f3w. Zaspokojenie potrzeb Naszych klient\u00f3w to Nasz priorytet, co stawia Nas na czo\u0142owym miejscu w\u015br\u00f3d firm oferuj\u0105cych podobne us\u0142ugi.<\/p>\n<\/blockquote>\n\n\n\n<p>&#8230;albo co\u015b takiego:<\/p>\n\n\n\n<blockquote class=\"wp-block-quote is-layout-flow wp-block-quote-is-layout-flow\">\n<p>Umowa pomi\u0119dzy stron\u0105 procesu a radc\u0105 prawnym lub adwokatem nie podlega odmiennym regu\u0142om ni\u017c inne umowy tego typu, a wi\u0119c umowy o \u015bwiadczenie us\u0142ug w rozumieniu art. 750 k.c. Odnosi si\u0119 to r\u00f3wnie\u017c do kwestii odpowiedzialno\u015bci za niewykonanie lub nienale\u017cyte wykonanie umowy przez zleceniobiorc\u0119, tj. pe\u0142nomocnika profesjonalnego. Jak wskazuje Nam art. 471 k.c. kontraktow\u0105 odpowiedzialno\u015b\u0107 ponosi r\u00f3wnie\u017c adwokat, czy radca prawy. \u0179le wykonana us\u0142uga jest podstaw\u0105 do roszcze\u0144 odszkodowawczych. Od takiej odpowiedzialno\u015bci nie jest zwolniony \u017caden prawnik. Nale\u017cy doda\u0107, \u017ce ka\u017cdy adwokat czy radca prawny a nawet notariusz musi by\u0107 obj\u0119ty Polis\u0105 Ubezpieczeniow\u0105 OC (odpowiedzialno\u015bci cywilnej) Wykazanie winy prawnika a mianowicie adekwatnego zwi\u0105zku przyczynowego, jest jednak cz\u0119sto skomplikowane, gdy\u017c musi wyra\u017ca\u0107 hipotetyczne rozstrzygni\u0119cie s\u0105du w sprawie, w kt\u00f3rej pe\u0142nomocnik dopu\u015bci\u0142 si\u0119 uchybienia lub uchybie\u0144, przy uwzgl\u0119dnieniu okoliczno\u015bci, jakby do takiego uchybienia nie dosz\u0142o. <\/p>\n<\/blockquote>\n\n\n\n<p>Jako nowy u\u017cytkownik WordPressa, powiniene\u015b przej\u015b\u0107 do <a href=\"https:\/\/centrumuslugbiurowych.pl\/wp-admin\/\">swojego kokpitu<\/a> aby usun\u0105\u0107 t\u0119 stron\u0119 i stworzy\u0107 nowe z w\u0142asn\u0105 tre\u015bci\u0105. Dobrej zabawy!<\/p>\n","protected":false},"excerpt":{"rendered":"<p>1.Pe\u0142na obs\u0142uga prawna os\u00f3b fizycznych.2.Pe\u0142na obs\u0142uga prawna firm.3.Pe\u0142na obs\u0142uga w zakresie pozyskiwania energii, gazu i ciep\u0142a ze \u017ar\u00f3de\u0142 odnawialnych4.Pe\u0142na obs\u0142uga promocyjna, marketingowa i akwizycyjna w tym r\u00f3wnie\u017c Call Center5.Wypo\u017cyczalnia samochod\u00f3w.6.inne us\u0142ugi biurowe. Centrum Us\u0142ug Biurowych dzia\u0142a od 12 lat. Kancelaria dzia\u0142a na zasadzie agencji prawniczej. Mamy podpisane umowy wsp\u00f3\u0142pracy z kilkoma wiod\u0105cym na terenie ca\u0142ej [&hellip;]<\/p>\n","protected":false},"author":1,"featured_media":0,"parent":0,"menu_order":0,"comment_status":"closed","ping_status":"open","template":"","meta":{"footnotes":""},"class_list":["post-2","page","type-page","status-publish","hentry"],"_links":{"self":[{"href":"https:\/\/centrumuslugbiurowych.pl\/index.php?rest_route=\/wp\/v2\/pages\/2","targetHints":{"allow":["GET"]}}],"collection":[{"href":"https:\/\/centrumuslugbiurowych.pl\/index.php?rest_route=\/wp\/v2\/pages"}],"about":[{"href":"https:\/\/centrumuslugbiurowych.pl\/index.php?rest_route=\/wp\/v2\/types\/page"}],"author":[{"embeddable":true,"href":"https:\/\/centrumuslugbiurowych.pl\/index.php?rest_route=\/wp\/v2\/users\/1"}],"replies":[{"embeddable":true,"href":"https:\/\/centrumuslugbiurowych.pl\/index.php?rest_route=%2Fwp%2Fv2%2Fcomments&post=2"}],"version-history":[{"count":2,"href":"https:\/\/centrumuslugbiurowych.pl\/index.php?rest_route=\/wp\/v2\/pages\/2\/revisions"}],"predecessor-version":[{"id":28,"href":"https:\/\/centrumuslugbiurowych.pl\/index.php?rest_route=\/wp\/v2\/pages\/2\/revisions\/28"}],"wp:attachment":[{"href":"https:\/\/centrumuslugbiurowych.pl\/index.php?rest_route=%2Fwp%2Fv2%2Fmedia&parent=2"}],"curies":[{"name":"wp","href":"https:\/\/api.w.org\/{rel}","templated":true}]}}